{"id":558,"date":"2022-06-02T09:21:35","date_gmt":"2022-06-02T09:21:35","guid":{"rendered":"https:\/\/egonka.hu\/hetimenu\/?page_id=558"},"modified":"2022-06-02T09:21:35","modified_gmt":"2022-06-02T09:21:35","slug":"kekfeny-etterem","status":"publish","type":"page","link":"https:\/\/egonka.hu\/hetimenu\/kekfeny-etterem\/","title":{"rendered":"K\u00e9kf\u00e9ny \u00c9tterem"},"content":{"rendered":"<div class=\"fb-page\" data-href=\"https:\/\/www.facebook.com\/kekfenyetteremzalaegerszeg\/\" data-tabs=\"timeline\" data-width=\"500\" data-height=\"2000\" data-small-header=\"true\" data-adapt-container-width=\"true\" data-hide-cover=\"true\" data-show-facepile=\"false\">\n<blockquote cite=\"https:\/\/www.facebook.com\/kekfenyetteremzalaegerszeg\/\" class=\"fb-xfbml-parse-ignore\"><p><a href=\"https:\/\/www.facebook.com\/kekfenyetteremzalaegerszeg\/\">K\u00e9kf\u00e9ny \u00c9tterem<\/a><\/p><\/blockquote>\n<\/div>\n","protected":false},"excerpt":{"rendered":"<p>K\u00e9kf\u00e9ny \u00c9tterem<\/p>\n","protected":false},"author":1,"featured_media":0,"parent":0,"menu_order":0,"comment_status":"closed","ping_status":"closed","template":"","meta":{"footnotes":""},"class_list":["post-558","page","type-page","status-publish","hentry"],"_links":{"self":[{"href":"https:\/\/egonka.hu\/hetimenu\/wp-json\/wp\/v2\/pages\/558","targetHints":{"allow":["GET"]}}],"collection":[{"href":"https:\/\/egonka.hu\/hetimenu\/wp-json\/wp\/v2\/pages"}],"about":[{"href":"https:\/\/egonka.hu\/hetimenu\/wp-json\/wp\/v2\/types\/page"}],"author":[{"embeddable":true,"href":"https:\/\/egonka.hu\/hetimenu\/wp-json\/wp\/v2\/users\/1"}],"replies":[{"embeddable":true,"href":"https:\/\/egonka.hu\/hetimenu\/wp-json\/wp\/v2\/comments?post=558"}],"version-history":[{"count":1,"href":"https:\/\/egonka.hu\/hetimenu\/wp-json\/wp\/v2\/pages\/558\/revisions"}],"predecessor-version":[{"id":560,"href":"https:\/\/egonka.hu\/hetimenu\/wp-json\/wp\/v2\/pages\/558\/revisions\/560"}],"wp:attachment":[{"href":"https:\/\/egonka.hu\/hetimenu\/wp-json\/wp\/v2\/media?parent=558"}],"curies":[{"name":"wp","href":"https:\/\/api.w.org\/{rel}","templated":true}]}}