{"id":419,"date":"2018-03-04T17:11:13","date_gmt":"2018-03-04T17:11:13","guid":{"rendered":"http:\/\/egonka.hu\/hetimenu\/?page_id=419"},"modified":"2020-09-11T23:15:57","modified_gmt":"2020-09-11T23:15:57","slug":"venusz-vendeglo","status":"publish","type":"page","link":"https:\/\/egonka.hu\/hetimenu\/venusz-vendeglo\/","title":{"rendered":"V\u00e9nusz Vend\u00e9gl\u0151"},"content":{"rendered":"<div class=\"fb-page\" data-href=\"https:\/\/www.facebook.com\/venuszpanzio\/\" data-tabs=\"timeline\" data-width=\"500\" data-height=\"2000\" data-small-header=\"true\" data-adapt-container-width=\"true\" data-hide-cover=\"true\" data-show-facepile=\"false\">\n<blockquote cite=\"https:\/\/www.facebook.com\/venuszpanzio\/\" class=\"fb-xfbml-parse-ignore\"><p><a href=\"https:\/\/www.facebook.com\/venuszpanzio\/\">V\u00e9nusz Panzi\u00f3 \u00c9s Vend\u00e9gl\u0151<\/a><\/p><\/blockquote>\n<\/div>\n","protected":false},"excerpt":{"rendered":"<p>V\u00e9nusz Panzi\u00f3 \u00c9s Vend\u00e9gl\u0151<\/p>\n","protected":false},"author":1,"featured_media":0,"parent":0,"menu_order":0,"comment_status":"closed","ping_status":"closed","template":"","meta":{"footnotes":""},"class_list":["post-419","page","type-page","status-publish","hentry"],"_links":{"self":[{"href":"https:\/\/egonka.hu\/hetimenu\/wp-json\/wp\/v2\/pages\/419","targetHints":{"allow":["GET"]}}],"collection":[{"href":"https:\/\/egonka.hu\/hetimenu\/wp-json\/wp\/v2\/pages"}],"about":[{"href":"https:\/\/egonka.hu\/hetimenu\/wp-json\/wp\/v2\/types\/page"}],"author":[{"embeddable":true,"href":"https:\/\/egonka.hu\/hetimenu\/wp-json\/wp\/v2\/users\/1"}],"replies":[{"embeddable":true,"href":"https:\/\/egonka.hu\/hetimenu\/wp-json\/wp\/v2\/comments?post=419"}],"version-history":[{"count":3,"href":"https:\/\/egonka.hu\/hetimenu\/wp-json\/wp\/v2\/pages\/419\/revisions"}],"predecessor-version":[{"id":508,"href":"https:\/\/egonka.hu\/hetimenu\/wp-json\/wp\/v2\/pages\/419\/revisions\/508"}],"wp:attachment":[{"href":"https:\/\/egonka.hu\/hetimenu\/wp-json\/wp\/v2\/media?parent=419"}],"curies":[{"name":"wp","href":"https:\/\/api.w.org\/{rel}","templated":true}]}}