{"id":249,"date":"2016-09-01T00:11:04","date_gmt":"2016-09-01T00:11:04","guid":{"rendered":"http:\/\/egonka.hu\/hetimenu\/?page_id=249"},"modified":"2020-09-11T23:26:23","modified_gmt":"2020-09-11T23:26:23","slug":"harom-kivansag-etterem","status":"publish","type":"page","link":"https:\/\/egonka.hu\/hetimenu\/harom-kivansag-etterem\/","title":{"rendered":"H\u00e1rom K\u00edv\u00e1ns\u00e1g \u00c9tterem"},"content":{"rendered":"<div class=\"fb-page\" data-href=\"https:\/\/www.facebook.com\/H%C3%A1rom-K%C3%ADv%C3%A1ns%C3%A1g-%C3%89tterem-Zalaegerszeg-555236641349378\/\" data-tabs=\"timeline\" data-width=\"500\" data-height=\"2000\" data-small-header=\"true\" data-adapt-container-width=\"true\" data-hide-cover=\"true\" data-show-facepile=\"false\">\n<blockquote cite=\"https:\/\/www.facebook.com\/H%C3%A1rom-K%C3%ADv%C3%A1ns%C3%A1g-%C3%89tterem-Zalaegerszeg-555236641349378\/\" class=\"fb-xfbml-parse-ignore\"><p><a href=\"https:\/\/www.facebook.com\/H%C3%A1rom-K%C3%ADv%C3%A1ns%C3%A1g-%C3%89tterem-Zalaegerszeg-555236641349378\/\">H\u00e1rom K\u00edv\u00e1ns\u00e1g \u00c9tterem Zalaegerszeg<\/a><\/p><\/blockquote>\n<\/div>\n","protected":false},"excerpt":{"rendered":"<p>H\u00e1rom K\u00edv\u00e1ns\u00e1g \u00c9tterem Zalaegerszeg<\/p>\n","protected":false},"author":1,"featured_media":0,"parent":0,"menu_order":0,"comment_status":"closed","ping_status":"closed","template":"","meta":{"footnotes":""},"class_list":["post-249","page","type-page","status-publish","hentry"],"_links":{"self":[{"href":"https:\/\/egonka.hu\/hetimenu\/wp-json\/wp\/v2\/pages\/249","targetHints":{"allow":["GET"]}}],"collection":[{"href":"https:\/\/egonka.hu\/hetimenu\/wp-json\/wp\/v2\/pages"}],"about":[{"href":"https:\/\/egonka.hu\/hetimenu\/wp-json\/wp\/v2\/types\/page"}],"author":[{"embeddable":true,"href":"https:\/\/egonka.hu\/hetimenu\/wp-json\/wp\/v2\/users\/1"}],"replies":[{"embeddable":true,"href":"https:\/\/egonka.hu\/hetimenu\/wp-json\/wp\/v2\/comments?post=249"}],"version-history":[{"count":5,"href":"https:\/\/egonka.hu\/hetimenu\/wp-json\/wp\/v2\/pages\/249\/revisions"}],"predecessor-version":[{"id":521,"href":"https:\/\/egonka.hu\/hetimenu\/wp-json\/wp\/v2\/pages\/249\/revisions\/521"}],"wp:attachment":[{"href":"https:\/\/egonka.hu\/hetimenu\/wp-json\/wp\/v2\/media?parent=249"}],"curies":[{"name":"wp","href":"https:\/\/api.w.org\/{rel}","templated":true}]}}