{"id":242,"date":"2016-08-31T23:28:17","date_gmt":"2016-08-31T23:28:17","guid":{"rendered":"http:\/\/egonka.hu\/hetimenu\/?page_id=242"},"modified":"2020-09-11T23:26:56","modified_gmt":"2020-09-11T23:26:56","slug":"gocsej-palatinus-etterem","status":"publish","type":"page","link":"https:\/\/egonka.hu\/hetimenu\/gocsej-palatinus-etterem\/","title":{"rendered":"G\u00f6csej Palatinus \u00c9tterem"},"content":{"rendered":"<div class=\"fb-page\" data-href=\"https:\/\/www.facebook.com\/GocsejPalatinusEtteremEsPanzio\/\" data-tabs=\"timeline\" data-width=\"500\" data-height=\"2000\" data-small-header=\"true\" data-adapt-container-width=\"true\" data-hide-cover=\"true\" data-show-facepile=\"false\">\n<blockquote cite=\"https:\/\/www.facebook.com\/GocsejPalatinusEtteremEsPanzio\/\" class=\"fb-xfbml-parse-ignore\"><p><a href=\"https:\/\/www.facebook.com\/GocsejPalatinusEtteremEsPanzio\/\">Zalaegerszegi G\u00f6csej Palatinus \u00c9tterem \u00e9s Panzi\u00f3<\/a><\/p><\/blockquote>\n<\/div>\n","protected":false},"excerpt":{"rendered":"<p>Zalaegerszegi G\u00f6csej Palatinus \u00c9tterem \u00e9s Panzi\u00f3<\/p>\n","protected":false},"author":1,"featured_media":0,"parent":0,"menu_order":0,"comment_status":"closed","ping_status":"closed","template":"","meta":{"footnotes":""},"class_list":["post-242","page","type-page","status-publish","hentry"],"_links":{"self":[{"href":"https:\/\/egonka.hu\/hetimenu\/wp-json\/wp\/v2\/pages\/242","targetHints":{"allow":["GET"]}}],"collection":[{"href":"https:\/\/egonka.hu\/hetimenu\/wp-json\/wp\/v2\/pages"}],"about":[{"href":"https:\/\/egonka.hu\/hetimenu\/wp-json\/wp\/v2\/types\/page"}],"author":[{"embeddable":true,"href":"https:\/\/egonka.hu\/hetimenu\/wp-json\/wp\/v2\/users\/1"}],"replies":[{"embeddable":true,"href":"https:\/\/egonka.hu\/hetimenu\/wp-json\/wp\/v2\/comments?post=242"}],"version-history":[{"count":17,"href":"https:\/\/egonka.hu\/hetimenu\/wp-json\/wp\/v2\/pages\/242\/revisions"}],"predecessor-version":[{"id":523,"href":"https:\/\/egonka.hu\/hetimenu\/wp-json\/wp\/v2\/pages\/242\/revisions\/523"}],"wp:attachment":[{"href":"https:\/\/egonka.hu\/hetimenu\/wp-json\/wp\/v2\/media?parent=242"}],"curies":[{"name":"wp","href":"https:\/\/api.w.org\/{rel}","templated":true}]}}