{"id":228,"date":"2016-08-31T23:22:38","date_gmt":"2016-08-31T23:22:38","guid":{"rendered":"http:\/\/egonka.hu\/hetimenu\/?page_id=228"},"modified":"2019-11-06T09:38:13","modified_gmt":"2019-11-06T09:38:13","slug":"toka-vendeglo","status":"publish","type":"page","link":"https:\/\/egonka.hu\/hetimenu\/toka-vendeglo\/","title":{"rendered":"T\u00f3ka Vend\u00e9gl\u0151"},"content":{"rendered":"\n<!--\n Start of web scrap (created by wp-web-scraper)\n Source URL: http:\/\/www.to-ka.hu\/page1.html\n Query: .btn-md (cssselector)\n Other options: Array\n(\n    [headers] => \n    [cache] => 10\n    [useragent] => WPWS bot (https:\/\/egonka.hu\/hetimenu)\n    [timeout] => 6\n    [on_error] => error_show\n    [output] => html\n    [glue] => \n\n    [eq] => \n    [gt] => \n    [lt] => \n    [query_type] => cssselector\n    [remove_query] => \n    [remove_query_type] => cssselector\n    [replace_query] => \n    [replace_query_type] => cssselector\n    [replace_with] => \n    [basehref] => 1\n    [a_target] => \n    [callback_raw] => \n    [callback] => \n    [debug] => 1\n    [charset] => UTF-8\n    [url] => http:\/\/www.to-ka.hu\/page1.html\n    [query] => .btn-md\n    [urldecode] => 1\n    [querydecode] => 0\n)\n-->\n<a class=\"btn btn-md btn-secondary display-4\" href=\"http:\/\/www.to-ka.hu\/page1.html\">H\u00e9tf\u0151: Pal\u00f3cleves<br>A: Toj\u00e1sos galuska, fejes sal\u00e1ta<br>B: Must\u00e1ros karaj r\u00e1ntott hagymakarik\u00e1val, pir\u00edtott burgonya<br>C: R\u00e1ntott szelet, vagy r\u00e1ntott sajt has\u00e1bburgony\u00e1val vagy rizzsel<br><\/a>\n<a class=\"btn btn-md btn-secondary display-4\" href=\"http:\/\/www.to-ka.hu\/page1.html\">Kedd: Lebbencs leves<br>A: Rakott kelk\u00e1poszta<br>B: Dubary csirkemell, krokett<br>C: R\u00e1ntott szelet, vagy r\u00e1ntott sajt has\u00e1bburgony\u00e1val vagy rizzsel<br><\/a>\n<a class=\"btn btn-md btn-secondary display-4\" href=\"http:\/\/www.to-ka.hu\/page1.html\">Szerda: <br>A: Burgonyaf\u0151zel\u00e9k, sert\u00e9s s\u00fclt - Gundel palacsinta<br>B: H\u00fasleves - Kr\u00e9msajttal, t\u00e9liszal\u00e1mival t\u00f6lt\u00f6tt borda, snidlinges burgonyap\u00fcr\u00e9<br>C: R\u00e1ntott szelet, vagy r\u00e1ntott sajt has\u00e1bburgony\u00e1val vagy rizzsel<br><\/a>\n<a class=\"btn btn-md btn-secondary display-4\" href=\"http:\/\/www.to-ka.hu\/page1.html\">Cs\u00fct\u00f6rt\u00f6k: M\u00e1jgaluska leves<br>A: Sert\u00e9sp\u00f6rk\u00f6lt, tarhonya, savany\u00fa<br>B: R\u00e1ntott tengeri hal, rizs, majon\u00e9zes kukorica<br>C: R\u00e1ntott szelet, vagy r\u00e1ntott sajt has\u00e1bburgony\u00e1val vagy rizzsel<br><\/a>\n<a class=\"btn btn-md btn-secondary display-4\" href=\"http:\/\/www.to-ka.hu\/page1.html\">P\u00e9ntek: Brokkoli kr\u00e9mleves<br>A: BBQ t\u00e9pett h\u00fasos tortilla, has\u00e1bburgonya<br>B: T\u00fczes borzas \/ sert\u00e9skaraj zabpehely bund\u00e1ban, cs\u00edp\u0151s chili \u00f6ntet\/, rizibizi<br>C: R\u00e1ntott szelet, vagy r\u00e1ntott sajt has\u00e1bburgony\u00e1val vagy rizzsel<br><\/a>\n<a class=\"btn btn-md btn-secondary display-4\" href=\"http:\/\/www.to-ka.hu\/page1.html\">Minden munkanap v\u00e1laszthat\u00f3 \"C\" men\u00fc:<br>Aktu\u00e1lis napi leves, vagy h\u00fasleves, R\u00e1ntott szelet, vagy r\u00e1ntott sajt has\u00e1bburgony\u00e1val vagy rizzsel<br><br>Fitness men\u00fc m\u00e1sodik: Joghurtos csirkemell vagy Cornflakes bund\u00e1s csirkemell vagy nat\u00far csirkemell friss sal\u00e1t\u00e1val<br><\/a>\n<a class=\"btn btn-md btn-secondary display-4\" href=\"http:\/\/www.to-ka.hu\/page1.html\">Men\u00fc \u00e1rak:<br>A,B men\u00fc: 2.250.- Ft<br>C men\u00fc: 2.450.- Ft<br>F men\u00fc m\u00e1sodik: 2.200.- Ft<br>A men\u00fc v\u00e1ltoz\u00e1s jog\u00e1t fent tartjuk!<br><\/a>\n<!--\n End of web scrap\n WPWS Cache Control: Cache-hit Transients API\n Computing time: 0.0034 seconds\n-->\n\n","protected":false},"excerpt":{"rendered":"","protected":false},"author":1,"featured_media":0,"parent":0,"menu_order":0,"comment_status":"closed","ping_status":"closed","template":"","meta":{"footnotes":""},"class_list":["post-228","page","type-page","status-publish","hentry"],"_links":{"self":[{"href":"https:\/\/egonka.hu\/hetimenu\/wp-json\/wp\/v2\/pages\/228","targetHints":{"allow":["GET"]}}],"collection":[{"href":"https:\/\/egonka.hu\/hetimenu\/wp-json\/wp\/v2\/pages"}],"about":[{"href":"https:\/\/egonka.hu\/hetimenu\/wp-json\/wp\/v2\/types\/page"}],"author":[{"embeddable":true,"href":"https:\/\/egonka.hu\/hetimenu\/wp-json\/wp\/v2\/users\/1"}],"replies":[{"embeddable":true,"href":"https:\/\/egonka.hu\/hetimenu\/wp-json\/wp\/v2\/comments?post=228"}],"version-history":[{"count":18,"href":"https:\/\/egonka.hu\/hetimenu\/wp-json\/wp\/v2\/pages\/228\/revisions"}],"predecessor-version":[{"id":485,"href":"https:\/\/egonka.hu\/hetimenu\/wp-json\/wp\/v2\/pages\/228\/revisions\/485"}],"wp:attachment":[{"href":"https:\/\/egonka.hu\/hetimenu\/wp-json\/wp\/v2\/media?parent=228"}],"curies":[{"name":"wp","href":"https:\/\/api.w.org\/{rel}","templated":true}]}}