{"id":22,"date":"2016-08-28T16:18:28","date_gmt":"2016-08-28T16:18:28","guid":{"rendered":"http:\/\/egonka.hu\/hetimenu\/?page_id=22"},"modified":"2024-03-19T08:47:47","modified_gmt":"2024-03-19T08:47:47","slug":"csipet-menu-pasta","status":"publish","type":"page","link":"https:\/\/egonka.hu\/hetimenu\/csipet-menu-pasta\/","title":{"rendered":"Csipet Men\u00fc &#038; Pasta"},"content":{"rendered":"\n<!--\n Start of web scrap (created by wp-web-scraper)\n Source URL: http:\/\/www.csipetpasta.hu\/index.php?r=w\/menu\n Query: h3,p,h4 (cssselector)\n Other options: Array\n(\n    [headers] => \n    [cache] => 10\n    [useragent] => WPWS bot (https:\/\/egonka.hu\/hetimenu)\n    [timeout] => 6\n    [on_error] => error_show\n    [output] => html\n    [glue] => \n\n    [eq] => \n    [gt] => \n    [lt] => \n    [query_type] => cssselector\n    [remove_query] => \n    [remove_query_type] => cssselector\n    [replace_query] => br\n    [replace_query_type] => cssselector\n    [replace_with] => \n    [basehref] => 1\n    [a_target] => \n    [callback_raw] => \n    [callback] => \n    [debug] => 1\n    [charset] => UTF-8\n    [url] => http:\/\/www.csipetpasta.hu\/index.php?r=w\/menu\n    [query] => h3,p,h4\n    [urldecode] => 1\n    [querydecode] => 0\n)\n-->\n<p>\ufeff\r\n\r\n  <\/p>\n<h3>H\u00e9tf\u0151<\/h3>\n<p>2026.04.20.\u00a0<\/p>\n<h4>Tavaszi z\u00f6lds\u00e9gleves VAGY HIDEG EPERKR\u00c9MLEVES<\/h4>\n<p style=\"margin-bottom:3px; line-height:18px;\">A) Eszterh\u00e1zy sert\u00e9sragu, t\u00e9sztak\u00f6rettel<\/p>\n<p style=\"margin-bottom:3px; line-height:18px;\">B) Anan\u00e1sszal, sonk\u00e1val, mozzarell\u00e1val s\u00fclt csirkemell, kukoric\u00e1s rizzsel<\/p>\n<p style=\"margin-bottom:3px; line-height:18px;\">C) R\u00e1ntott karfiol, rizibizivel, tart\u00e1rm\u00e1rt\u00e1ssal<\/p>\n<p style=\"margin-bottom:3px; line-height:18px;\">D) Cornflakes bund\u00e1s csirkemell vagy tonhal sal\u00e1ta<\/p>\n<p style=\"margin-bottom:3px; line-height:18px;\">Kaporm\u00e1rt\u00e1s f\u0151ttburgony\u00e1val \u00e9s toj\u00e1ssal<\/p>\n<h3>Kedd<\/h3>\n<p>2026.04.21.\u00a0<\/p>\n<h4>T\u00f6r\u00f6k citromos-rizses csirkeraguleves VAGY HIDEG EPERKR\u00c9MLEVES <\/h4>\n<p style=\"margin-bottom:3px; line-height:18px;\">A) Csirkecomb fil\u00e9, lecs\u00f3val, tarhony\u00e1val<\/p>\n<p style=\"margin-bottom:3px; line-height:18px;\">B) Borzacska, z\u00f6lds\u00e9ges rizzsel<\/p>\n<p style=\"margin-bottom:3px; line-height:18px;\">C) Juht\u00far\u00f3s, kolb\u00e1szos, tepsis nokedli <\/p>\n<p style=\"margin-bottom:3px; line-height:18px;\">D) Cornflakes bund\u00e1s csirkemell vagy tonhal sal\u00e1ta<\/p>\n<p style=\"margin-bottom:3px; line-height:18px;\">Z\u00f6ldbabf\u0151zel\u00e9k fas\u00edrozottal vagy p\u00f6rk\u00f6lttel<\/p>\n<h3>Szerda<\/h3>\n<p>2026.04.22.\u00a0<\/p>\n<h4>Olasz paradicsomos h\u00fasgomb\u00f3c leves VAGY HIDEG EPERKR\u00c9MLEVES<\/h4>\n<p style=\"margin-bottom:3px; line-height:18px;\">A) Cs\u00fcl\u00f6k P\u00e9kn\u00e9m\u00f3dra, savany\u00fas\u00e1ggal<\/p>\n<p style=\"margin-bottom:3px; line-height:18px;\">B) T\u00f6lt\u00f6tt csirkecomb, rizzsel, csalam\u00e1d\u00e9val<\/p>\n<p style=\"margin-bottom:3px; line-height:18px;\">C) Spen\u00f3tos, tejsz\u00ednes csirkefalatk\u00e1k, gnocchival<\/p>\n<p style=\"margin-bottom:3px; line-height:18px;\">D) Cornflakes bund\u00e1s csirkemell vagy tonhal sal\u00e1ta<\/p>\n<p style=\"margin-bottom:3px; line-height:18px;\">Krumplif\u0151zel\u00e9k fas\u00edrozottal vagy p\u00f6rk\u00f6lttel<\/p>\n<h3>Cs\u00fct\u00f6rt\u00f6k<\/h3>\n<p>2026.04.23.\u00a0<\/p>\n<h4>Kolb\u00e1szos, tejf\u00f6l\u00f6s burgonyaleves VAGY HIDEG EPERKR\u00c9MLEVES<\/h4>\n<p style=\"margin-bottom:3px; line-height:18px;\">A) \u00c9des-chilis m\u00e1zas tengeri halfil\u00e9, j\u00e1zminrizzsel<\/p>\n<p style=\"margin-bottom:3px; line-height:18px;\">B) Kijevi csirkemell, rizzsel, savany\u00fas\u00e1ggal<\/p>\n<p style=\"margin-bottom:3px; line-height:18px;\">C) T\u00far\u00f3gomb\u00f3c di\u00f3s bund\u00e1ban, baracklekv\u00e1rral<\/p>\n<p style=\"margin-bottom:3px; line-height:18px;\">D) Cornflakes bund\u00e1s csirkemell vagy tonhal sal\u00e1ta<\/p>\n<p style=\"margin-bottom:3px; line-height:18px;\">S\u00e1rgabors\u00f3f\u0151zel\u00e9k fas\u00edrozottal vagy p\u00f6rk\u00f6lttel<\/p>\n<h3>P\u00e9ntek<\/h3>\n<p>2026.04.24.\u00a0<\/p>\n<h4>Cs\u00fclk\u00f6sbableves VAGY HIDEG EPERKR\u00c9MLEVES<\/h4>\n<p style=\"margin-bottom:3px; line-height:18px;\">A) Eg\u00e9szben s\u00fclt tarja, feh\u00e9rboros-kakukkf\u00fcves gombam\u00e1rt\u00e1ssal, s\u00fcltburgony\u00e1val<\/p>\n<p style=\"margin-bottom:3px; line-height:18px;\">B) Csirkemell, f\u00fcst\u00f6lt tarj\u00e1val, f\u0151tt toj\u00e1ssal, sajttal cs\u0151ben s\u00fctve, rizzsel, savany\u00fas\u00e1ggal<\/p>\n<p style=\"margin-bottom:3px; line-height:18px;\">C) Erdei gy\u00fcm\u00f6lcs\u00f6s, t\u00far\u00f3s kal\u00e1csfelf\u00fajt, van\u00edlia\u00f6ntettel<\/p>\n<p style=\"margin-bottom:3px; line-height:18px;\">D) Cornflakes bund\u00e1s csirkemell vagy tonhal sal\u00e1ta<\/p>\n<p style=\"margin-bottom:3px; line-height:18px;\">Z\u00f6ldbors\u00f3f\u0151zel\u00e9k, fas\u00edrozottal vagy p\u00f6rk\u00f6lttel<\/p>\n<h3>Szombat<\/h3>\n<p>2026.04.25.\u00a0<\/p>\n<h4>\u00dajh\u00e1zi sz\u00e1rnyasragu leves VAGY HIDEG EPERKR\u00c9MLEVES<\/h4>\n<p style=\"margin-bottom:3px; line-height:18px;\">A) \u00c9des-chilis s\u00fcltoldalas, s\u00fcltburgony\u00e1val, savany\u00fas\u00e1ggal<\/p>\n<p style=\"margin-bottom:3px; line-height:18px;\">B) Pik\u00e1ns csirkemell pank\u00f3morzs\u00e1ban, rizzsel, savany\u00fas\u00e1ggal<\/p>\n<p style=\"margin-bottom:3px; line-height:18px;\">C) Cornflakes bund\u00e1s csirkemell vagy tonhal sal\u00e1ta<\/p>\n<p style=\"margin-bottom:3px; line-height:18px;\">E) Sert\u00e9ssz\u0171z, erdei gomb\u00e1s, tejsz\u00ednes gombam\u00e1rt\u00e1ssal, cs\u00f3nakburgony\u00e1val (E., men\u00fc \u00e1r: 2950;-Ft; E.,-men\u00fc m\u00e1sodik: 2750,-Ft)<\/p>\n<h3>Extra<\/h3>\n<p>men\u00fc<\/p>\n<h4>Men\u00fc leves \u00e9s napi aj\u00e1nlat<\/h4>\n<p>\u00c9rdekl\u0151dj\u00f6n \u00e9tterm\u00fcnkben!<\/p>\n<h3><a id=\"prcs\" href=\"http:\/\/www.csipetpasta.hu\/\"><\/a>\u00c1raink<\/h3>\n<p>\u00a0<\/p>\n<h4>A), B), C), D) \u00e9s E) men\u00fc \u00e1ra: 2500,- (egyhetes el\u0151fizet\u00e9ssel 2300,-)<\/h4>\n<!--\n End of web scrap\n WPWS Cache Control: Remote-fetch via WP_Http\n Computing time: 0.2431 seconds\n-->\n\n","protected":false},"excerpt":{"rendered":"","protected":false},"author":1,"featured_media":0,"parent":0,"menu_order":0,"comment_status":"closed","ping_status":"closed","template":"","meta":{"footnotes":""},"class_list":["post-22","page","type-page","status-publish","hentry"],"_links":{"self":[{"href":"https:\/\/egonka.hu\/hetimenu\/wp-json\/wp\/v2\/pages\/22","targetHints":{"allow":["GET"]}}],"collection":[{"href":"https:\/\/egonka.hu\/hetimenu\/wp-json\/wp\/v2\/pages"}],"about":[{"href":"https:\/\/egonka.hu\/hetimenu\/wp-json\/wp\/v2\/types\/page"}],"author":[{"embeddable":true,"href":"https:\/\/egonka.hu\/hetimenu\/wp-json\/wp\/v2\/users\/1"}],"replies":[{"embeddable":true,"href":"https:\/\/egonka.hu\/hetimenu\/wp-json\/wp\/v2\/comments?post=22"}],"version-history":[{"count":22,"href":"https:\/\/egonka.hu\/hetimenu\/wp-json\/wp\/v2\/pages\/22\/revisions"}],"predecessor-version":[{"id":452,"href":"https:\/\/egonka.hu\/hetimenu\/wp-json\/wp\/v2\/pages\/22\/revisions\/452"}],"wp:attachment":[{"href":"https:\/\/egonka.hu\/hetimenu\/wp-json\/wp\/v2\/media?parent=22"}],"curies":[{"name":"wp","href":"https:\/\/api.w.org\/{rel}","templated":true}]}}