{"id":210,"date":"2016-08-30T22:23:32","date_gmt":"2016-08-30T22:23:32","guid":{"rendered":"http:\/\/egonka.hu\/hetimenu\/?page_id=210"},"modified":"2022-06-14T16:47:17","modified_gmt":"2022-06-14T16:47:17","slug":"arany-barany-sorozo","status":"publish","type":"page","link":"https:\/\/egonka.hu\/hetimenu\/arany-barany-sorozo\/","title":{"rendered":"Arany B\u00e1r\u00e1ny S\u00f6r\u00f6z\u0151"},"content":{"rendered":"<div class=\"fb-page\" data-href=\"https:\/\/www.facebook.com\/Arany-B%C3%A1r%C3%A1ny-Hotel-194412224015895\" data-tabs=\"timeline\" data-width=\"500\" data-height=\"2000\" data-small-header=\"true\" data-adapt-container-width=\"true\" data-hide-cover=\"true\" data-show-facepile=\"false\">\n<blockquote cite=\"https:\/\/www.facebook.com\/Arany-B%C3%A1r%C3%A1ny-Hotel-194412224015895\" class=\"fb-xfbml-parse-ignore\"><p><a href=\"https:\/\/www.facebook.com\/Arany-B%C3%A1r%C3%A1ny-Hotel-194412224015895\">Arany B\u00e1r\u00e1ny S\u00f6r\u00f6z\u0151<\/a><\/p><\/blockquote>\n<\/div>\n","protected":false},"excerpt":{"rendered":"<p>Arany B\u00e1r\u00e1ny S\u00f6r\u00f6z\u0151<\/p>\n","protected":false},"author":1,"featured_media":0,"parent":0,"menu_order":0,"comment_status":"closed","ping_status":"closed","template":"","meta":{"footnotes":""},"class_list":["post-210","page","type-page","status-publish","hentry"],"_links":{"self":[{"href":"https:\/\/egonka.hu\/hetimenu\/wp-json\/wp\/v2\/pages\/210","targetHints":{"allow":["GET"]}}],"collection":[{"href":"https:\/\/egonka.hu\/hetimenu\/wp-json\/wp\/v2\/pages"}],"about":[{"href":"https:\/\/egonka.hu\/hetimenu\/wp-json\/wp\/v2\/types\/page"}],"author":[{"embeddable":true,"href":"https:\/\/egonka.hu\/hetimenu\/wp-json\/wp\/v2\/users\/1"}],"replies":[{"embeddable":true,"href":"https:\/\/egonka.hu\/hetimenu\/wp-json\/wp\/v2\/comments?post=210"}],"version-history":[{"count":16,"href":"https:\/\/egonka.hu\/hetimenu\/wp-json\/wp\/v2\/pages\/210\/revisions"}],"predecessor-version":[{"id":565,"href":"https:\/\/egonka.hu\/hetimenu\/wp-json\/wp\/v2\/pages\/210\/revisions\/565"}],"wp:attachment":[{"href":"https:\/\/egonka.hu\/hetimenu\/wp-json\/wp\/v2\/media?parent=210"}],"curies":[{"name":"wp","href":"https:\/\/api.w.org\/{rel}","templated":true}]}}