{"id":193,"date":"2016-08-29T12:18:40","date_gmt":"2016-08-29T12:18:40","guid":{"rendered":"http:\/\/egonka.hu\/hetimenu\/?page_id=193"},"modified":"2020-09-11T23:19:39","modified_gmt":"2020-09-11T23:19:39","slug":"reininghaus-etterem","status":"publish","type":"page","link":"https:\/\/egonka.hu\/hetimenu\/reininghaus-etterem\/","title":{"rendered":"Reininghaus \u00c9tterem"},"content":{"rendered":"<div class=\"fb-page\" data-href=\"https:\/\/www.facebook.com\/sorozoespizzeia\/\" data-tabs=\"timeline\" data-width=\"500\" data-height=\"2000\" data-small-header=\"true\" data-adapt-container-width=\"true\" data-hide-cover=\"true\" data-show-facepile=\"false\">\n<blockquote cite=\"https:\/\/www.facebook.com\/sorozoespizzeia\/\" class=\"fb-xfbml-parse-ignore\"><p><a href=\"https:\/\/www.facebook.com\/sorozoespizzeia\/\">Reininghaus S\u00f6r\u00f6z\u0151 \u00c9s Pizz\u00e9ria<\/a><\/p><\/blockquote>\n<\/div>\n","protected":false},"excerpt":{"rendered":"<p>Reininghaus S\u00f6r\u00f6z\u0151 \u00c9s Pizz\u00e9ria<\/p>\n","protected":false},"author":1,"featured_media":0,"parent":0,"menu_order":0,"comment_status":"closed","ping_status":"closed","template":"","meta":{"footnotes":""},"class_list":["post-193","page","type-page","status-publish","hentry"],"_links":{"self":[{"href":"https:\/\/egonka.hu\/hetimenu\/wp-json\/wp\/v2\/pages\/193","targetHints":{"allow":["GET"]}}],"collection":[{"href":"https:\/\/egonka.hu\/hetimenu\/wp-json\/wp\/v2\/pages"}],"about":[{"href":"https:\/\/egonka.hu\/hetimenu\/wp-json\/wp\/v2\/types\/page"}],"author":[{"embeddable":true,"href":"https:\/\/egonka.hu\/hetimenu\/wp-json\/wp\/v2\/users\/1"}],"replies":[{"embeddable":true,"href":"https:\/\/egonka.hu\/hetimenu\/wp-json\/wp\/v2\/comments?post=193"}],"version-history":[{"count":4,"href":"https:\/\/egonka.hu\/hetimenu\/wp-json\/wp\/v2\/pages\/193\/revisions"}],"predecessor-version":[{"id":512,"href":"https:\/\/egonka.hu\/hetimenu\/wp-json\/wp\/v2\/pages\/193\/revisions\/512"}],"wp:attachment":[{"href":"https:\/\/egonka.hu\/hetimenu\/wp-json\/wp\/v2\/media?parent=193"}],"curies":[{"name":"wp","href":"https:\/\/api.w.org\/{rel}","templated":true}]}}