{"id":189,"date":"2016-08-29T11:47:26","date_gmt":"2016-08-29T11:47:26","guid":{"rendered":"http:\/\/egonka.hu\/hetimenu\/?page_id=189"},"modified":"2020-09-11T23:28:16","modified_gmt":"2020-09-11T23:28:16","slug":"belga-sorozo-es-etterem","status":"publish","type":"page","link":"https:\/\/egonka.hu\/hetimenu\/belga-sorozo-es-etterem\/","title":{"rendered":"Belga S\u00f6r\u00f6z\u0151 \u00e9s \u00c9tterem"},"content":{"rendered":"<div class=\"fb-page\" data-href=\"https:\/\/www.facebook.com\/belgianrestaurant\/\" data-tabs=\"timeline\" data-width=\"500\" data-height=\"2000\" data-small-header=\"true\" data-adapt-container-width=\"true\" data-hide-cover=\"true\" data-show-facepile=\"false\">\n<blockquote cite=\"https:\/\/www.facebook.com\/belgianrestaurant\/\" class=\"fb-xfbml-parse-ignore\"><p><a href=\"https:\/\/www.facebook.com\/belgianrestaurant\/\">Belga \u00c9tterem \u00e9s S\u00f6r\u00f6z\u0151<\/a><\/p><\/blockquote>\n<\/div>\n","protected":false},"excerpt":{"rendered":"<p>Belga \u00c9tterem \u00e9s S\u00f6r\u00f6z\u0151<\/p>\n","protected":false},"author":1,"featured_media":0,"parent":0,"menu_order":0,"comment_status":"closed","ping_status":"closed","template":"","meta":{"footnotes":""},"class_list":["post-189","page","type-page","status-publish","hentry"],"_links":{"self":[{"href":"https:\/\/egonka.hu\/hetimenu\/wp-json\/wp\/v2\/pages\/189","targetHints":{"allow":["GET"]}}],"collection":[{"href":"https:\/\/egonka.hu\/hetimenu\/wp-json\/wp\/v2\/pages"}],"about":[{"href":"https:\/\/egonka.hu\/hetimenu\/wp-json\/wp\/v2\/types\/page"}],"author":[{"embeddable":true,"href":"https:\/\/egonka.hu\/hetimenu\/wp-json\/wp\/v2\/users\/1"}],"replies":[{"embeddable":true,"href":"https:\/\/egonka.hu\/hetimenu\/wp-json\/wp\/v2\/comments?post=189"}],"version-history":[{"count":8,"href":"https:\/\/egonka.hu\/hetimenu\/wp-json\/wp\/v2\/pages\/189\/revisions"}],"predecessor-version":[{"id":525,"href":"https:\/\/egonka.hu\/hetimenu\/wp-json\/wp\/v2\/pages\/189\/revisions\/525"}],"wp:attachment":[{"href":"https:\/\/egonka.hu\/hetimenu\/wp-json\/wp\/v2\/media?parent=189"}],"curies":[{"name":"wp","href":"https:\/\/api.w.org\/{rel}","templated":true}]}}