{"id":151,"date":"2016-08-30T22:46:01","date_gmt":"2016-08-30T22:46:01","guid":{"rendered":"http:\/\/egonka.hu\/hetimenu\/?page_id=151"},"modified":"2023-10-25T20:16:24","modified_gmt":"2023-10-25T20:16:24","slug":"pitvar-vendeglo","status":"publish","type":"page","link":"https:\/\/egonka.hu\/hetimenu\/pitvar-vendeglo\/","title":{"rendered":"Pitvar Vend\u00e9gl\u0151"},"content":{"rendered":"\n<!--\n Start of web scrap (created by wp-web-scraper)\n Source URL: https:\/\/pitvarvendeglo.hu\/hu\/napi-ajanlat\n Query: .details_item (cssselector)\n Other options: Array\n(\n    [headers] => \n    [cache] => 10\n    [useragent] => WPWS bot (https:\/\/egonka.hu\/hetimenu)\n    [timeout] => 6\n    [on_error] => error_show\n    [output] => html\n    [glue] => \n\n    [eq] => \n    [gt] => \n    [lt] => \n    [query_type] => cssselector\n    [remove_query] => \n    [remove_query_type] => cssselector\n    [replace_query] => .socials, .box_share, .back, iframe, script, h1, br\n    [replace_query_type] => cssselector\n    [replace_with] => \n    [basehref] => 1\n    [a_target] => \n    [callback_raw] => \n    [callback] => \n    [debug] => 1\n    [charset] => UTF-8\n    [url] => https:\/\/pitvarvendeglo.hu\/hu\/napi-ajanlat\n    [query] => .details_item\n    [urldecode] => 1\n    [querydecode] => 0\n    [selector] => .details_item\n)\n-->\n<div class=\"details_item\">\n\t\t\n\n\t\t\n\n\t\t<div class=\"desc\"><p>\u00a0<\/p>\r\n\r\n<div color:=\"\" dir=\"auto\" font-size:=\"\" segoe=\"\" style=\"font-family: \" ui=\"\" white-space-collapse:=\"\">\r\n<div color:=\"\" dir=\"auto\" font-size:=\"\" segoe=\"\" style=\"white-space-collapse: preserve; font-family: \" ui=\"\">\u00a0<\/div>\r\n<\/div>\r\n<\/div>\n\n\t\t\n\t\t\r\n\r\n\r\n\r\n<!--\r\n<iframe src=\"\" scrolling=\"no\" frameborder=\"0\" style=\"border:none; overflow:hidden; width:450px; height:35px; margin-top: 10px;\" allowTransparency=\"true\" id=\"fblike\"><\/iframe>\r\n<div class=\"box_share\">\r\n\t<a href=\"#\" class=\"share_item\" onclick=\"return facebookshare_click()\" target=\"_blank\" class=\"clear\" style=\"text-decoration: none;\"><img decoding=\"async\" src=\"\/gfx\/facebook.png\" alt=\"\" border=\"0\" valign=\"middle\" \/> Megoszt\u00e1s<\/a>\r\n\t<a href=\"http:\/\/twitter.com\/share?text=Napi aj\u00e1nlat - Pitvar vend\u00e9gl\u0151&url=https:\/\/pitvarvendeglo.hu\/hu\/napi-ajanlat\" class=\"share_item\" target=\"_blank\" style=\"text-decoration: none;\"><img decoding=\"async\" src=\"\/gfx\/twitter-32.png\" alt=\"\" border=\"0\" valign=\"middle\" \/> Tweet<\/a>\r\n<\/div>\r\n-->\r\n\r\n\r\n\n\t\t\n\t<\/div>\n<!--\n End of web scrap\n WPWS Cache Control: Remote-fetch via WP_Http\n Computing time: 0.1058 seconds\n-->\n\n","protected":false},"excerpt":{"rendered":"","protected":false},"author":1,"featured_media":0,"parent":0,"menu_order":0,"comment_status":"closed","ping_status":"closed","template":"","meta":{"footnotes":""},"class_list":["post-151","page","type-page","status-publish","hentry"],"_links":{"self":[{"href":"https:\/\/egonka.hu\/hetimenu\/wp-json\/wp\/v2\/pages\/151","targetHints":{"allow":["GET"]}}],"collection":[{"href":"https:\/\/egonka.hu\/hetimenu\/wp-json\/wp\/v2\/pages"}],"about":[{"href":"https:\/\/egonka.hu\/hetimenu\/wp-json\/wp\/v2\/types\/page"}],"author":[{"embeddable":true,"href":"https:\/\/egonka.hu\/hetimenu\/wp-json\/wp\/v2\/users\/1"}],"replies":[{"embeddable":true,"href":"https:\/\/egonka.hu\/hetimenu\/wp-json\/wp\/v2\/comments?post=151"}],"version-history":[{"count":23,"href":"https:\/\/egonka.hu\/hetimenu\/wp-json\/wp\/v2\/pages\/151\/revisions"}],"predecessor-version":[{"id":571,"href":"https:\/\/egonka.hu\/hetimenu\/wp-json\/wp\/v2\/pages\/151\/revisions\/571"}],"wp:attachment":[{"href":"https:\/\/egonka.hu\/hetimenu\/wp-json\/wp\/v2\/media?parent=151"}],"curies":[{"name":"wp","href":"https:\/\/api.w.org\/{rel}","templated":true}]}}