{"id":15,"date":"2016-08-28T15:54:25","date_gmt":"2016-08-28T15:54:25","guid":{"rendered":"http:\/\/egonka.hu\/hetimenu\/?page_id=15"},"modified":"2019-11-06T09:26:55","modified_gmt":"2019-11-06T09:26:55","slug":"vendiofa-etterem","status":"publish","type":"page","link":"https:\/\/egonka.hu\/hetimenu\/vendiofa-etterem\/","title":{"rendered":"V\u00e9ndi\u00f3fa \u00c9tterem"},"content":{"rendered":"\n<!--\n Start of web scrap (created by wp-web-scraper)\n Source URL: http:\/\/vendiofaetterem.hu\/heti-menu\n Query: .itemBody (cssselector)\n Other options: Array\n(\n    [headers] => \n    [cache] => 10\n    [useragent] => WPWS bot (https:\/\/egonka.hu\/hetimenu)\n    [timeout] => 6\n    [on_error] => error_show\n    [output] => html\n    [glue] => \n\n    [eq] => \n    [gt] => \n    [lt] => \n    [query_type] => cssselector\n    [remove_query] => \n    [remove_query_type] => cssselector\n    [replace_query] => \n    [replace_query_type] => cssselector\n    [replace_with] => \n    [basehref] => 1\n    [a_target] => \n    [callback_raw] => \n    [callback] => \n    [debug] => 1\n    [charset] => UTF-8\n    [url] => http:\/\/vendiofaetterem.hu\/heti-menu\n    [query] => .itemBody\n    [urldecode] => 1\n    [querydecode] => 0\n    [selector] => .itemBody\n)\n-->\n<div class=\"itemBody\">\n                                                                                                                                             \r\n<p dir=\"ltr\" style=\"text-align: center;\" align=\"center\"><span style=\"font-size: 12pt;\"><img decoding=\"async\" style=\"display: block; margin-left: auto; margin-right: auto;\" src=\"http:\/\/vendiofaetterem.hu\/images\/menu.jpg\" width=\"50%\" border=\"0\"><\/span><\/p>\r\n<p><strong><u>Heti men\u00fc: 2026. 04.20. \u2013 2026. 04.24.<\/u><\/strong><\/p>\r\n<p><strong><u>H\u00e9tf\u0151<\/u><\/strong><\/p>\r\n<p>Tejf\u00f6l\u00f6s, z\u00f6lds\u00e9ges karfiolleves (glut\u00e9n, toj\u00e1s, lakt\u00f3z)<\/p>\r\n<p>\"A\": Kapros t\u00f6kf\u0151zel\u00e9k sert\u00e9sp\u00f6rk\u00f6lt (glut\u00e9n, lakt\u00f3z)<\/p>\r\n<p>\"B\": Mozzarell\u00e1val, paradicsommal s\u00fclt csirkemell, p\u00e1rolt rizs (lakt\u00f3z)<\/p>\r\n<p>\"C\": Mil\u00e1n\u00f3i s.borda (glut\u00e9n, lakt\u00f3z, toj\u00e1s)<\/p>\r\n<p>\u201eD\u201dmen\u00fc: R\u00e1ntott sajt vagy r\u00e1ntott szelet; h.burgonya vagy p\u00e1rolt rizs<\/p>\r\n<p><strong><u>Kedd<\/u><\/strong><\/p>\r\n<p>Lebbencsleves (glut\u00e9n, toj\u00e1s)<\/p>\r\n<p>\"A\": Chilis bab<\/p>\r\n<p>\"B\": Gyrost\u00e1l (lakt\u00f3z)<\/p>\r\n<p>\"C\": Cs\u00fcl\u00f6k \u201eP\u00e9kn\u00e9 m\u00f3d\u201d, savany\u00fa<\/p>\r\n<p>\u201eD\u201dmen\u00fc: R\u00e1ntott sajt vagy r\u00e1ntott szelet; h.burgonya vagy p\u00e1rolt rizs<\/p>\r\n<p><strong><u>Szerda<\/u><\/strong><\/p>\r\n<p>S\u00fclt fokhagyma kr\u00e9mleves krutonnal (glut\u00e9n, toj\u00e1s, lakt\u00f3z)<\/p>\r\n<p>\"A\": Alm\u00e1s, t\u00far\u00f3s r\u00e9tes van\u00edlia sod\u00f3val (glut\u00e9n, toj\u00e1s, lakt\u00f3z)<\/p>\r\n<p>\"B\": Orly csirkemell, p\u00e1rolt rizs, savany\u00fa (toj\u00e1s,glut\u00e9n,lakt\u00f3z)<\/p>\r\n<p>\"C\": Roston s.karaj dijoni must\u00e1rral, f\u00fcst\u00f6lt tarj\u00e1s raguval, has\u00e1bburgonya<\/p>\r\n<p>\u201eD\u201dmen\u00fc: R\u00e1ntott sajt vagy r\u00e1ntott szelet; h.burgonya vagy p\u00e1rolt rizs<\/p>\r\n<p><strong><u>Cs\u00fct\u00f6rt\u00f6k<\/u><\/strong><\/p>\r\n<p>Bogr\u00e1csguly\u00e1s (glut\u00e9n, toj\u00e1s)<\/p>\r\n<p>\"A\": Rakott kel (lakt\u00f3z)<\/p>\r\n<p>\"B\": Harcsaparik\u00e1s t\u00far\u00f3s csusz\u00e1val (toj\u00e1s, lakt\u00f3z, glut\u00e9n)<\/p>\r\n<p>\"C\": Sz\u00e9kelyhidi sert\u00e9skaraj, steak burgonya, savany\u00fa<\/p>\r\n<p>\u00a0(glut\u00e9n, lakt\u00f3z, toj\u00e1s)<\/p>\r\n<p>\u201eD\u201dmen\u00fc: R\u00e1ntott sajt vagy r\u00e1ntott szelet; h.burgonya vagy p\u00e1rolt rizs<\/p>\r\n<p><strong><u>P\u00e9ntek<\/u><\/strong><\/p>\r\n<p>Pal\u00f3cleves (glut\u00e9n, lakt\u00f3z)<\/p>\r\n<p>\"A\": R\u00e1ntott s.m\u00e1j,petrezselymes burgonya,savany\u00fa<\/p>\r\n<p>\"B\": Barbecues csirkecomb fil\u00e9, p\u00e1rolt rizs<\/p>\r\n<p>\"C\": Sert\u00e9spaprik\u00e1s galusk\u00e1val (glut\u00e9n, lakt\u00f3z, toj\u00e1s)<\/p>\r\n<p>\u201eD\u201dmen\u00fc: R\u00e1ntott sajt vagy r\u00e1ntott szelet; h.burgonya vagy p\u00e1rolt rizs<\/p>\r\n<p><strong>Elviteles doboz:120 Ft\/db<\/strong><\/p>\r\n<p><strong>Men\u00fc leves: Napi leves; H\u00fasleves 890 Ft<\/strong><\/p>\r\n<p><strong>\u201eA\u201dmen\u00fc:2490 Ft \u201eB\u201d,\u201dC\u201dmen\u00fc:2690 Ft \u201eD\u201dmen\u00fc:2890 Ft\u00a0\u00a0\u00a0\u00a0\u00a0\u00a0\u00a0\u00a0\u00a0\u00a0\u00a0 <\/strong><\/p>\r\n<p><strong>\u201eE\u201dmen\u00fc Sal\u00e1t\u00e1k<\/strong>: G\u00f6r\u00f6g, Tonhalas, Csirkeh\u00fasos <strong>2890 Ft<\/strong><\/p>\r\n<p><strong>\u201eA\u201dm\u00e1sodik:2190 Ft; \u201eB\u201d,\u201dC\u201d m\u00e1sodik:2390 Ft \u201dD\u201d,\u201dE\u201dm\u00e1sodik 2590 Ft<\/strong><\/p>\r\n<p><strong>Az \u00e9tlapv\u00e1ltoz\u00e1s jog\u00e1t fenntartjuk!<\/strong><\/p>\r\n<p><strong>\u00a0<\/strong><\/p>\r\n<p><strong>J\u00f3 \u00e9tv\u00e1gyat k\u00edv\u00e1nunk!<\/strong><\/p>\r\n<p><strong><u>\u00a0<\/u><\/strong><\/p>                                        \n                                                                      <\/div>\n<!--\n End of web scrap\n WPWS Cache Control: Remote-fetch via WP_Http\n Computing time: 0.6221 seconds\n-->\n\n","protected":false},"excerpt":{"rendered":"","protected":false},"author":1,"featured_media":0,"parent":0,"menu_order":0,"comment_status":"closed","ping_status":"closed","template":"","meta":{"footnotes":""},"class_list":["post-15","page","type-page","status-publish","hentry"],"_links":{"self":[{"href":"https:\/\/egonka.hu\/hetimenu\/wp-json\/wp\/v2\/pages\/15","targetHints":{"allow":["GET"]}}],"collection":[{"href":"https:\/\/egonka.hu\/hetimenu\/wp-json\/wp\/v2\/pages"}],"about":[{"href":"https:\/\/egonka.hu\/hetimenu\/wp-json\/wp\/v2\/types\/page"}],"author":[{"embeddable":true,"href":"https:\/\/egonka.hu\/hetimenu\/wp-json\/wp\/v2\/users\/1"}],"replies":[{"embeddable":true,"href":"https:\/\/egonka.hu\/hetimenu\/wp-json\/wp\/v2\/comments?post=15"}],"version-history":[{"count":13,"href":"https:\/\/egonka.hu\/hetimenu\/wp-json\/wp\/v2\/pages\/15\/revisions"}],"predecessor-version":[{"id":479,"href":"https:\/\/egonka.hu\/hetimenu\/wp-json\/wp\/v2\/pages\/15\/revisions\/479"}],"wp:attachment":[{"href":"https:\/\/egonka.hu\/hetimenu\/wp-json\/wp\/v2\/media?parent=15"}],"curies":[{"name":"wp","href":"https:\/\/api.w.org\/{rel}","templated":true}]}}